{"id":1138,"date":"2025-01-15T12:38:52","date_gmt":"2025-01-15T12:38:52","guid":{"rendered":"http:\/\/fintechrefinish.com\/?page_id=1138"},"modified":"2025-04-21T05:42:28","modified_gmt":"2025-04-21T05:42:28","slug":"desengrasantes","status":"publish","type":"page","link":"https:\/\/fintechrefinish.com\/en\/desengrasantes\/","title":{"rendered":"Desengrasantes"},"content":{"rendered":"<div data-elementor-type=\"wp-page\" data-elementor-id=\"1138\" class=\"elementor elementor-1138\">\n\t\t\t\t<div class=\"elementor-element elementor-element-861f71f e-flex e-con-boxed e-con e-parent\" data-id=\"861f71f\" data-element_type=\"container\" data-e-type=\"container\">\n\t\t\t\t\t<div class=\"e-con-inner\">\n\t\t\t\t<div class=\"elementor-element elementor-element-82f8fd5 elementor-widget elementor-widget-heading\" data-id=\"82f8fd5\" data-element_type=\"widget\" data-e-type=\"widget\" data-widget_type=\"heading.default\">\n\t\t\t\t<div class=\"elementor-widget-container\">\n\t\t\t\t\t<h2 class=\"elementor-heading-title elementor-size-default\">DESENGRASANTES<\/h2>\t\t\t\t<\/div>\n\t\t\t\t<\/div>\n\t\t\t\t<div class=\"elementor-element elementor-element-c87da89 elementor-widget elementor-widget-text-editor\" data-id=\"c87da89\" data-element_type=\"widget\" data-e-type=\"widget\" data-widget_type=\"text-editor.default\">\n\t\t\t\t<div class=\"elementor-widget-container\">\n\t\t\t\t\t\t\t\t\t<p style=\"text-align: center;\">Nuestros desengrasantes eliminan eficazmente aceites, siliconas e impurezas, asegurando una superficie limpia y lista para un proceso de pintado impecable en el sector de la automoci\u00f3n.<\/p>\t\t\t\t\t\t\t\t<\/div>\n\t\t\t\t<\/div>\n\t\t\t\t\t<\/div>\n\t\t\t\t<\/div>\n\t\t<div class=\"elementor-element elementor-element-f1b671c e-flex e-con-boxed e-con e-parent\" data-id=\"f1b671c\" data-element_type=\"container\" data-e-type=\"container\">\n\t\t\t\t\t<div class=\"e-con-inner\">\n\t\t<div class=\"elementor-element elementor-element-dd388e9 e-con-full e-flex e-con e-child\" data-id=\"dd388e9\" data-element_type=\"container\" data-e-type=\"container\">\n\t\t\t\t<div class=\"elementor-element elementor-element-76ee392 elementor-widget elementor-widget-heading\" data-id=\"76ee392\" data-element_type=\"widget\" data-e-type=\"widget\" data-widget_type=\"heading.default\">\n\t\t\t\t<div class=\"elementor-widget-container\">\n\t\t\t\t\t<h2 class=\"elementor-heading-title elementor-size-default\">DS61<br>\nEST\u00c1NDAR<\/h2>\t\t\t\t<\/div>\n\t\t\t\t<\/div>\n\t\t\t\t<div class=\"elementor-element elementor-element-0136b38 elementor-widget elementor-widget-text-editor\" data-id=\"0136b38\" data-element_type=\"widget\" data-e-type=\"widget\" data-widget_type=\"text-editor.default\">\n\t\t\t\t<div class=\"elementor-widget-container\">\n\t\t\t\t\t\t\t\t\t<p style=\"text-align: center;\">DS61-1\u00a0 \u00a0|\u00a0 DS61-5<\/p>\t\t\t\t\t\t\t\t<\/div>\n\t\t\t\t<\/div>\n\t\t\t\t<div class=\"elementor-element elementor-element-76ef19c elementor-widget elementor-widget-text-editor\" data-id=\"76ef19c\" data-element_type=\"widget\" data-e-type=\"widget\" data-widget_type=\"text-editor.default\">\n\t\t\t\t<div class=\"elementor-widget-container\">\n\t\t\t\t\t\t\t\t\t<p style=\"text-align: center;\">Mezcla de disolventes org\u00e1nicos, adecuado para la limpieza y desengrasado de metal descubierto, acabados existentes, imprimaciones, etc. Alto poder de limpieza en general. Evaporaci\u00f3n media.<\/p><p style=\"text-align: center;\">Disponible en 1L y 5L<\/p>\t\t\t\t\t\t\t\t<\/div>\n\t\t\t\t<\/div>\n\t\t\t\t<\/div>\n\t\t<div class=\"elementor-element elementor-element-fdf8882 e-con-full e-flex e-con e-child\" data-id=\"fdf8882\" data-element_type=\"container\" data-e-type=\"container\">\n\t\t\t\t<div class=\"elementor-element elementor-element-229cd46 elementor-widget elementor-widget-heading\" data-id=\"229cd46\" data-element_type=\"widget\" data-e-type=\"widget\" data-widget_type=\"heading.default\">\n\t\t\t\t<div class=\"elementor-widget-container\">\n\t\t\t\t\t<h2 class=\"elementor-heading-title elementor-size-default\">DS65<br> \nLENTO<\/h2>\t\t\t\t<\/div>\n\t\t\t\t<\/div>\n\t\t\t\t<div class=\"elementor-element elementor-element-1ae94f8 elementor-widget elementor-widget-text-editor\" data-id=\"1ae94f8\" data-element_type=\"widget\" data-e-type=\"widget\" data-widget_type=\"text-editor.default\">\n\t\t\t\t<div class=\"elementor-widget-container\">\n\t\t\t\t\t\t\t\t\t<p style=\"text-align: center;\">DS65-1\u00a0 \u00a0|\u00a0 DS65-5<\/p>\t\t\t\t\t\t\t\t<\/div>\n\t\t\t\t<\/div>\n\t\t\t\t<div class=\"elementor-element elementor-element-eaaeaba elementor-widget elementor-widget-text-editor\" data-id=\"eaaeaba\" data-element_type=\"widget\" data-e-type=\"widget\" data-widget_type=\"text-editor.default\">\n\t\t\t\t<div class=\"elementor-widget-container\">\n\t\t\t\t\t\t\t\t\t<p style=\"text-align: center;\">Mezcla de disolventes org\u00e1nicos, adecuado para la limpieza y desengrasado de metal des<br \/>cubierto, acabados existentes, imprimaciones, etc. Alto poder de limpieza en general.<\/p><p style=\"text-align: center;\">Disponible en 1L y 5L<\/p>\t\t\t\t\t\t\t\t<\/div>\n\t\t\t\t<\/div>\n\t\t\t\t<\/div>\n\t\t<div class=\"elementor-element elementor-element-06da848 e-con-full e-flex e-con e-child\" data-id=\"06da848\" data-element_type=\"container\" data-e-type=\"container\">\n\t\t\t\t<div class=\"elementor-element elementor-element-9191c67 elementor-widget elementor-widget-heading\" data-id=\"9191c67\" data-element_type=\"widget\" data-e-type=\"widget\" data-widget_type=\"heading.default\">\n\t\t\t\t<div class=\"elementor-widget-container\">\n\t\t\t\t\t<h2 class=\"elementor-heading-title elementor-size-default\">DS70\nANTIEST\u00c1TICO<\/h2>\t\t\t\t<\/div>\n\t\t\t\t<\/div>\n\t\t\t\t<div class=\"elementor-element elementor-element-5b58379 elementor-widget elementor-widget-text-editor\" data-id=\"5b58379\" data-element_type=\"widget\" data-e-type=\"widget\" data-widget_type=\"text-editor.default\">\n\t\t\t\t<div class=\"elementor-widget-container\">\n\t\t\t\t\t\t\t\t\t<p style=\"text-align: center;\">DS70-1\u00a0 \u00a0|\u00a0 DS70-5<\/p>\t\t\t\t\t\t\t\t<\/div>\n\t\t\t\t<\/div>\n\t\t\t\t<div class=\"elementor-element elementor-element-8e54488 elementor-widget elementor-widget-text-editor\" data-id=\"8e54488\" data-element_type=\"widget\" data-e-type=\"widget\" data-widget_type=\"text-editor.default\">\n\t\t\t\t<div class=\"elementor-widget-container\">\n\t\t\t\t\t\t\t\t\t<p style=\"text-align: center;\">\u00a0Mezcla de disolventes org\u00e1nicos, adecuado para la limpieza y desengrasado, con propiedades antiest\u00e1ticas y especialmente formulado para aumentar la adherencia en pl\u00e1sticos.<\/p><p style=\"text-align: center;\">Disponible en 1L y 5L<\/p>\t\t\t\t\t\t\t\t<\/div>\n\t\t\t\t<\/div>\n\t\t\t\t<\/div>\n\t\t<div class=\"elementor-element elementor-element-c4e1a60 e-con-full e-flex e-con e-child\" data-id=\"c4e1a60\" data-element_type=\"container\" data-e-type=\"container\">\n\t\t\t\t<div class=\"elementor-element elementor-element-69e6d0d elementor-widget elementor-widget-heading\" data-id=\"69e6d0d\" data-element_type=\"widget\" data-e-type=\"widget\" data-widget_type=\"heading.default\">\n\t\t\t\t<div class=\"elementor-widget-container\">\n\t\t\t\t\t<h2 class=\"elementor-heading-title elementor-size-default\">DS500<br>\nBASE AGUA<\/h2>\t\t\t\t<\/div>\n\t\t\t\t<\/div>\n\t\t\t\t<div class=\"elementor-element elementor-element-47a8d5d elementor-widget elementor-widget-text-editor\" data-id=\"47a8d5d\" data-element_type=\"widget\" data-e-type=\"widget\" data-widget_type=\"text-editor.default\">\n\t\t\t\t<div class=\"elementor-widget-container\">\n\t\t\t\t\t\t\t\t\t<p style=\"text-align: center;\">DS500-1\u00a0 \u00a0|\u00a0 DS500-5<\/p>\t\t\t\t\t\t\t\t<\/div>\n\t\t\t\t<\/div>\n\t\t\t\t<div class=\"elementor-element elementor-element-1f70406 elementor-widget elementor-widget-text-editor\" data-id=\"1f70406\" data-element_type=\"widget\" data-e-type=\"widget\" data-widget_type=\"text-editor.default\">\n\t\t\t\t<div class=\"elementor-widget-container\">\n\t\t\t\t\t\t\t\t\t<p style=\"text-align: center;\">Limpiador de base agua con aditivos especiales para favorecer una perfecta limpieza en las zonas a pintar.<\/p><p style=\"text-align: center;\">Disponible en 1L y 5L<\/p>\t\t\t\t\t\t\t\t<\/div>\n\t\t\t\t<\/div>\n\t\t\t\t<\/div>\n\t\t\t\t\t<\/div>\n\t\t\t\t<\/div>\n\t\t<div class=\"elementor-element elementor-element-4863e75 e-flex e-con-boxed e-con e-parent\" data-id=\"4863e75\" data-element_type=\"container\" data-e-type=\"container\">\n\t\t\t\t\t<div class=\"e-con-inner\">\n\t\t\t\t<div class=\"elementor-element elementor-element-bc26573 elementor-widget elementor-widget-image\" data-id=\"bc26573\" data-element_type=\"widget\" data-e-type=\"widget\" data-widget_type=\"image.default\">\n\t\t\t\t<div class=\"elementor-widget-container\">\n\t\t\t\t\t\t\t\t\t\t\t\t\t\t\t<img fetchpriority=\"high\" decoding=\"async\" width=\"1024\" height=\"689\" src=\"https:\/\/fintechrefinish.com\/wp-content\/uploads\/2025\/03\/DESENGRASANTES-1024x689.png\" class=\"attachment-large size-large wp-image-2434\" alt=\"\" srcset=\"https:\/\/fintechrefinish.com\/wp-content\/uploads\/2025\/03\/DESENGRASANTES-1024x689.png 1024w, https:\/\/fintechrefinish.com\/wp-content\/uploads\/2025\/03\/DESENGRASANTES-300x202.png 300w, https:\/\/fintechrefinish.com\/wp-content\/uploads\/2025\/03\/DESENGRASANTES-768x517.png 768w, https:\/\/fintechrefinish.com\/wp-content\/uploads\/2025\/03\/DESENGRASANTES.png 1370w\" sizes=\"(max-width: 1024px) 100vw, 1024px\" \/>\t\t\t\t\t\t\t\t\t\t\t\t\t\t\t<\/div>\n\t\t\t\t<\/div>\n\t\t\t\t\t<\/div>\n\t\t\t\t<\/div>\n\t\t\t\t<\/div>","protected":false},"excerpt":{"rendered":"<p>DESENGRASANTES Nuestros desengrasantes eliminan eficazmente aceites, siliconas e impurezas, asegurando una superficie limpia y lista para un proceso de pintado impecable en el sector de la automoci\u00f3n. DS61 EST\u00c1NDAR DS61-1\u00a0 \u00a0|\u00a0 DS61-5 Mezcla de disolventes org\u00e1nicos, adecuado para la limpieza y desengrasado de metal descubierto, acabados existentes, imprimaciones, etc. Alto poder de limpieza en general. [&hellip;]<\/p>\n","protected":false},"author":1,"featured_media":0,"parent":0,"menu_order":0,"comment_status":"closed","ping_status":"closed","template":"","meta":{"site-sidebar-layout":"no-sidebar","site-content-layout":"page-builder","ast-site-content-layout":"full-width-container","site-content-style":"default","site-sidebar-style":"default","ast-global-header-display":"","ast-banner-title-visibility":"","ast-main-header-display":"","ast-hfb-above-header-display":"","ast-hfb-below-header-display":"","ast-hfb-mobile-header-display":"","site-post-title":"disabled","ast-breadcrumbs-content":"","ast-featured-img":"disabled","footer-sml-layout":"","ast-disable-related-posts":"","theme-transparent-header-meta":"default","adv-header-id-meta":"","stick-header-meta":"","header-above-stick-meta":"","header-main-stick-meta":"","header-below-stick-meta":"","astra-migrate-meta-layouts":"set","ast-page-background-enabled":"default","ast-page-background-meta":{"desktop":{"background-color":"","background-image":"","background-repeat":"repeat","background-position":"center center","background-size":"auto","background-attachment":"scroll","background-type":"","background-media":"","overlay-type":"","overlay-color":"","overlay-opacity":"","overlay-gradient":""},"tablet":{"background-color":"","background-image":"","background-repeat":"repeat","background-position":"center center","background-size":"auto","background-attachment":"scroll","background-type":"","background-media":"","overlay-type":"","overlay-color":"","overlay-opacity":"","overlay-gradient":""},"mobile":{"background-color":"","background-image":"","background-repeat":"repeat","background-position":"center center","background-size":"auto","background-attachment":"scroll","background-type":"","background-media":"","overlay-type":"","overlay-color":"","overlay-opacity":"","overlay-gradient":""}},"ast-content-background-meta":{"desktop":{"background-color":"var(--ast-global-color-5)","background-image":"","background-repeat":"repeat","background-position":"center center","background-size":"auto","background-attachment":"scroll","background-type":"","background-media":"","overlay-type":"","overlay-color":"","overlay-opacity":"","overlay-gradient":""},"tablet":{"background-color":"var(--ast-global-color-5)","background-image":"","background-repeat":"repeat","background-position":"center center","background-size":"auto","background-attachment":"scroll","background-type":"","background-media":"","overlay-type":"","overlay-color":"","overlay-opacity":"","overlay-gradient":""},"mobile":{"background-color":"var(--ast-global-color-5)","background-image":"","background-repeat":"repeat","background-position":"center center","background-size":"auto","background-attachment":"scroll","background-type":"","background-media":"","overlay-type":"","overlay-color":"","overlay-opacity":"","overlay-gradient":""}},"footnotes":""},"class_list":["post-1138","page","type-page","status-publish","hentry"],"jetpack_sharing_enabled":true,"_links":{"self":[{"href":"https:\/\/fintechrefinish.com\/en\/wp-json\/wp\/v2\/pages\/1138","targetHints":{"allow":["GET"]}}],"collection":[{"href":"https:\/\/fintechrefinish.com\/en\/wp-json\/wp\/v2\/pages"}],"about":[{"href":"https:\/\/fintechrefinish.com\/en\/wp-json\/wp\/v2\/types\/page"}],"author":[{"embeddable":true,"href":"https:\/\/fintechrefinish.com\/en\/wp-json\/wp\/v2\/users\/1"}],"replies":[{"embeddable":true,"href":"https:\/\/fintechrefinish.com\/en\/wp-json\/wp\/v2\/comments?post=1138"}],"version-history":[{"count":19,"href":"https:\/\/fintechrefinish.com\/en\/wp-json\/wp\/v2\/pages\/1138\/revisions"}],"predecessor-version":[{"id":3202,"href":"https:\/\/fintechrefinish.com\/en\/wp-json\/wp\/v2\/pages\/1138\/revisions\/3202"}],"wp:attachment":[{"href":"https:\/\/fintechrefinish.com\/en\/wp-json\/wp\/v2\/media?parent=1138"}],"curies":[{"name":"wp","href":"https:\/\/api.w.org\/{rel}","templated":true}]}}